{"id":154,"date":"2021-11-20T22:44:24","date_gmt":"2021-11-20T22:44:24","guid":{"rendered":"https:\/\/pfw1.pl\/?page_id=154"},"modified":"2025-07-23T11:38:41","modified_gmt":"2025-07-23T11:38:41","slug":"wynajem-systemowych-szalunkow-stropowych","status":"publish","type":"page","link":"https:\/\/pfw1.pl\/index.php\/wynajem-systemowych-szalunkow-stropowych\/","title":{"rendered":"WYNAJEM SZALUNK\u00d3W"},"content":{"rendered":"\n<p class=\"has-white-color has-text-color\">W naszej ofercie dysponujemy ponad 1000 m2 szalunk\u00f3w stropowych w najbardziej popularnym systemie d\u017awigarowo-deskowym, sprawdzonych marek jak: FormOn, Doka, Altrad, Peri.<\/p>\n\n\n\n<p class=\"has-white-color has-text-color\"><strong>W kompletny system szalunk\u00f3w wchodzi:<\/strong><\/p>\n\n\n\n<p class=\"has-white-color has-text-color\"><strong>&#8211; sklejka szalunkowa okuta 21mm,<\/strong><\/p>\n\n\n\n<p class=\"has-white-color has-text-color\">&#8211;<strong> d\u017awigary poprzeczne,<\/strong><\/p>\n\n\n\n<p class=\"has-white-color has-text-color\">&#8211;<strong> d\u017awigary g\u0142\u00f3wne,<\/strong><\/p>\n\n\n\n<p class=\"has-white-color has-text-color\"><strong>&#8211; podpory stalowe z g\u0142owicami krzy\u017cowymi oraz stojakami tr\u00f3jno\u017cnymi.<\/strong><\/p>\n\n\n\n<p class=\"has-white-color has-text-color\">Jest to kompletny i niezb\u0119dny zestaw do wykonania tradycyjnego stropu \u017celbetowego.&nbsp;<\/p>\n\n\n\n<p class=\"has-white-color has-text-color\">Je\u015bli do wykonania jest strop typu: <strong>Vector, Rector, Filigran, Teriva, Akermana, Ceram, Fert<\/strong> lub inny, to<strong> <\/strong>\u017caden problem. Wypo\u017cyczamy r\u00f3wnie\u017c poszczeg\u00f3lne elementy szalunku lub systemy dla danego rozwi\u0105zania stropowego. Doradzimy, wykonamy projekt szalunk\u00f3w i b\u0119dziemy z Tob\u0105 podczas ca\u0142ego procesu !&nbsp; Z nami \u017caden strop nie jest straszny!<\/p>\n\n\n\n<p class=\"has-white-color has-text-color\">Oferujemy r\u00f3wnie\u017c wynajem poszczeg\u00f3lnych element\u00f3w na sztuki: p\u0142yt, d\u017awigar\u00f3w, podp\u00f3r czy te\u017c g\u0142owic lub stojak\u00f3w osobno.&nbsp;Posiadamy tak\u017ce ankry z nakr\u0119tkami oraz \u015bci\u0105gi do szalunk\u00f3w.&nbsp;<\/p>\n\n\n\n<p class=\"has-white-color has-text-color\"><strong><em>SZALUNKI \u015aCIENNE JU\u017b WKR\u00d3TCE W OFERCIE<\/em><\/strong>!<\/p>\n\n\n\n<div class=\"wp-block-buttons is-layout-flex wp-block-buttons-is-layout-flex\">\n<div class=\"wp-block-button aligncenter\"><a class=\"wp-block-button__link wp-element-button\" href=\"https:\/\/pfw1.pl\/index.php\/zapytanie-o-wynajem\/\">Rodzaje najmu szalunk\u00f3w<\/a><\/div>\n<\/div>\n\n\n\n<p>        <\/p>\n\n\n\n<div class=\"wp-block-columns is-layout-flex wp-container-core-columns-is-layout-2 wp-block-columns-is-layout-flex\">\n<div class=\"wp-block-column is-layout-flow wp-block-column-is-layout-flow\" style=\"flex-basis:100%\">\n<div class=\"wp-block-columns is-layout-flex wp-container-core-columns-is-layout-1 wp-block-columns-is-layout-flex\">\n<div class=\"wp-block-column is-layout-flow wp-block-column-is-layout-flow\" style=\"flex-basis:100%\">\n<div class=\"wp-block-group\"><div class=\"wp-block-group__inner-container is-layout-flow wp-block-group-is-layout-flow\">\n<figure class=\"wp-block-gallery has-nested-images columns-default is-cropped wp-block-gallery-1 is-layout-flex wp-block-gallery-is-layout-flex\">\n<figure class=\"wp-block-image size-medium is-style-default\"><img loading=\"lazy\" decoding=\"async\" width=\"300\" height=\"225\" src=\"https:\/\/pfw1.pl\/wp-content\/uploads\/2021\/11\/IMG_20210705_073051-male-2-300x225.jpg\" alt=\"\" class=\"wp-image-150\" srcset=\"https:\/\/pfw1.pl\/wp-content\/uploads\/2021\/11\/IMG_20210705_073051-male-2-300x225.jpg 300w, https:\/\/pfw1.pl\/wp-content\/uploads\/2021\/11\/IMG_20210705_073051-male-2-1024x768.jpg 1024w, https:\/\/pfw1.pl\/wp-content\/uploads\/2021\/11\/IMG_20210705_073051-male-2-768x576.jpg 768w, https:\/\/pfw1.pl\/wp-content\/uploads\/2021\/11\/IMG_20210705_073051-male-2-1536x1152.jpg 1536w, https:\/\/pfw1.pl\/wp-content\/uploads\/2021\/11\/IMG_20210705_073051-male-2-1x1.jpg 1w, https:\/\/pfw1.pl\/wp-content\/uploads\/2021\/11\/IMG_20210705_073051-male-2.jpg 2000w\" sizes=\"(max-width: 300px) 100vw, 300px\" \/><\/figure>\n\n\n\n<figure class=\"wp-block-image size-medium is-style-default\"><img loading=\"lazy\" decoding=\"async\" width=\"300\" height=\"225\" src=\"https:\/\/pfw1.pl\/wp-content\/uploads\/2021\/11\/IMG_20210705_073419-bardzo-male-1-300x225.jpg\" alt=\"\" class=\"wp-image-156\" srcset=\"https:\/\/pfw1.pl\/wp-content\/uploads\/2021\/11\/IMG_20210705_073419-bardzo-male-1-300x225.jpg 300w, https:\/\/pfw1.pl\/wp-content\/uploads\/2021\/11\/IMG_20210705_073419-bardzo-male-1-1x1.jpg 1w, https:\/\/pfw1.pl\/wp-content\/uploads\/2021\/11\/IMG_20210705_073419-bardzo-male-1.jpg 360w\" sizes=\"(max-width: 300px) 100vw, 300px\" \/><\/figure>\n<\/figure>\n<\/div><\/div>\n<\/div>\n<\/div>\n<\/div>\n<\/div>\n","protected":false},"excerpt":{"rendered":"<p>W naszej ofercie dysponujemy ponad 1000 m2 szalunk\u00f3w stropowych w najbardziej popularnym systemie d\u017awigarowo-deskowym, sprawdzonych marek jak: FormOn, Doka, Altrad, Peri. W kompletny system szalunk\u00f3w wchodzi: &#8211; sklejka szalunkowa okuta 21mm, &#8211; d\u017awigary poprzeczne, &#8211; d\u017awigary g\u0142\u00f3wne, &#8211; podpory stalowe z g\u0142owicami krzy\u017cowymi oraz stojakami tr\u00f3jno\u017cnymi. Jest to kompletny i niezb\u0119dny zestaw do wykonania tradycyjnego [&hellip;]<\/p>\n","protected":false},"author":2,"featured_media":0,"parent":0,"menu_order":0,"comment_status":"closed","ping_status":"closed","template":"","meta":{"footnotes":""},"_links":{"self":[{"href":"https:\/\/pfw1.pl\/index.php\/wp-json\/wp\/v2\/pages\/154"}],"collection":[{"href":"https:\/\/pfw1.pl\/index.php\/wp-json\/wp\/v2\/pages"}],"about":[{"href":"https:\/\/pfw1.pl\/index.php\/wp-json\/wp\/v2\/types\/page"}],"author":[{"embeddable":true,"href":"https:\/\/pfw1.pl\/index.php\/wp-json\/wp\/v2\/users\/2"}],"replies":[{"embeddable":true,"href":"https:\/\/pfw1.pl\/index.php\/wp-json\/wp\/v2\/comments?post=154"}],"version-history":[{"count":18,"href":"https:\/\/pfw1.pl\/index.php\/wp-json\/wp\/v2\/pages\/154\/revisions"}],"predecessor-version":[{"id":885,"href":"https:\/\/pfw1.pl\/index.php\/wp-json\/wp\/v2\/pages\/154\/revisions\/885"}],"wp:attachment":[{"href":"https:\/\/pfw1.pl\/index.php\/wp-json\/wp\/v2\/media?parent=154"}],"curies":[{"name":"wp","href":"https:\/\/api.w.org\/{rel}","templated":true}]}}