{"id":694,"date":"2022-11-14T12:16:46","date_gmt":"2022-11-14T12:16:46","guid":{"rendered":"https:\/\/pfw1.pl\/?page_id=694"},"modified":"2023-05-15T07:40:47","modified_gmt":"2023-05-15T07:40:47","slug":"dokumenty-do-pobrania","status":"publish","type":"page","link":"https:\/\/pfw1.pl\/index.php\/dokumenty-do-pobrania\/","title":{"rendered":"DO POBRANIA"},"content":{"rendered":"\n<p class=\"has-white-color has-text-color\"><a href=\"https:\/\/drive.google.com\/file\/d\/1Cor-G2CrYfQBH9lmrHn1x1eWee3Qjn5A\/view?usp=sharing\" data-type=\"URL\" data-id=\"https:\/\/drive.google.com\/file\/d\/1Cor-G2CrYfQBH9lmrHn1x1eWee3Qjn5A\/view?usp=sharing\">Schemat Najmu Szalunk\u00f3w<\/a><\/p>\n\n\n\n<p class=\"has-white-color has-text-color\"><a href=\"https:\/\/drive.google.com\/file\/d\/1zjmL5B32sw0tVes6LeuepqXnu1_L0AwT\/view?usp=sharing\" data-type=\"URL\" data-id=\"https:\/\/drive.google.com\/file\/d\/1zjmL5B32sw0tVes6LeuepqXnu1_L0AwT\/view?usp=sharing\">Umowa Najmu Szalunk\u00f3w<\/a><\/p>\n\n\n\n<p class=\"has-white-color has-text-color\"><a href=\"https:\/\/drive.google.com\/file\/d\/1YoDkhPoNOHcb6Umtglqho5Vw0OK1_HCO\/view?usp=sharing\" data-type=\"URL\" data-id=\"https:\/\/drive.google.com\/file\/d\/1YoDkhPoNOHcb6Umtglqho5Vw0OK1_HCO\/view?usp=sharing\">Og\u00f3lne Warunki Handlowe do Umowy Najmu Szalunk\u00f3w<\/a><\/p>\n\n\n\n<p class=\"has-white-color has-text-color\"><a href=\"https:\/\/drive.google.com\/file\/d\/1rcuwqaD09nnfI7TGPyj0ryDGxPYCcHzK\/view?usp=sharing\" data-type=\"URL\" data-id=\"https:\/\/drive.google.com\/file\/d\/1rcuwqaD09nnfI7TGPyj0ryDGxPYCcHzK\/view?usp=sharing\">Upowa\u017cnienie<\/a><\/p>\n\n\n\n<p class=\"has-white-color has-text-color\"><a href=\"https:\/\/drive.google.com\/file\/d\/1NiY_pd1IM9miTF47AF6iGaEAkcvT93DW\/view?usp=sharing\" data-type=\"URL\" data-id=\"https:\/\/drive.google.com\/file\/d\/1NiY_pd1IM9miTF47AF6iGaEAkcvT93DW\/view?usp=sharing\">Formularz Reklamacji<\/a><\/p>\n\n\n\n<p class=\"has-white-color has-text-color\"><a href=\"https:\/\/drive.google.com\/file\/d\/1D1nRGedmNlMVZ4yn-NZxeCydBVzAzcQB\/view?usp=sharing\" data-type=\"URL\" data-id=\"https:\/\/drive.google.com\/file\/d\/1D1nRGedmNlMVZ4yn-NZxeCydBVzAzcQB\/view?usp=sharing\">Wniosek o Zwrot Kaucji<\/a><\/p>\n\n\n\n<p><\/p>\n","protected":false},"excerpt":{"rendered":"<p>Schemat Najmu Szalunk\u00f3w Umowa Najmu Szalunk\u00f3w Og\u00f3lne Warunki Handlowe do Umowy Najmu Szalunk\u00f3w Upowa\u017cnienie Formularz Reklamacji Wniosek o Zwrot Kaucji<\/p>\n","protected":false},"author":2,"featured_media":0,"parent":0,"menu_order":0,"comment_status":"closed","ping_status":"closed","template":"","meta":{"footnotes":""},"_links":{"self":[{"href":"https:\/\/pfw1.pl\/index.php\/wp-json\/wp\/v2\/pages\/694"}],"collection":[{"href":"https:\/\/pfw1.pl\/index.php\/wp-json\/wp\/v2\/pages"}],"about":[{"href":"https:\/\/pfw1.pl\/index.php\/wp-json\/wp\/v2\/types\/page"}],"author":[{"embeddable":true,"href":"https:\/\/pfw1.pl\/index.php\/wp-json\/wp\/v2\/users\/2"}],"replies":[{"embeddable":true,"href":"https:\/\/pfw1.pl\/index.php\/wp-json\/wp\/v2\/comments?post=694"}],"version-history":[{"count":3,"href":"https:\/\/pfw1.pl\/index.php\/wp-json\/wp\/v2\/pages\/694\/revisions"}],"predecessor-version":[{"id":752,"href":"https:\/\/pfw1.pl\/index.php\/wp-json\/wp\/v2\/pages\/694\/revisions\/752"}],"wp:attachment":[{"href":"https:\/\/pfw1.pl\/index.php\/wp-json\/wp\/v2\/media?parent=694"}],"curies":[{"name":"wp","href":"https:\/\/api.w.org\/{rel}","templated":true}]}}